{"id":53,"date":"2022-12-22T14:06:01","date_gmt":"2022-12-22T13:06:01","guid":{"rendered":"http:\/\/exceptys.com\/?page_id=53"},"modified":"2023-08-23T10:43:58","modified_gmt":"2023-08-23T08:43:58","slug":"huile-egypte","status":"publish","type":"page","link":"https:\/\/exceptys.com\/index.php\/huile-egypte\/","title":{"rendered":"Huile Egypte"},"content":{"rendered":"\t\t<div data-elementor-type=\"wp-page\" data-elementor-id=\"53\" class=\"elementor elementor-53\">\n\t\t\t\t\t\t\t\t\t<section class=\"elementor-section elementor-top-section elementor-element elementor-element-3155853 elementor-section-boxed elementor-section-height-default elementor-section-height-default\" data-id=\"3155853\" data-element_type=\"section\">\n\t\t\t\t\t\t<div class=\"elementor-container elementor-column-gap-default\">\n\t\t\t\t\t<div class=\"elementor-column elementor-col-50 elementor-top-column elementor-element elementor-element-18e2e6e\" data-id=\"18e2e6e\" data-element_type=\"column\">\n\t\t\t<div class=\"elementor-widget-wrap elementor-element-populated\">\n\t\t\t\t\t\t\t\t<div class=\"elementor-element elementor-element-a6ae1ed elementor-widget elementor-widget-image\" data-id=\"a6ae1ed\" data-element_type=\"widget\" data-widget_type=\"image.default\">\n\t\t\t\t<div class=\"elementor-widget-container\">\n\t\t\t<style>\/*! elementor - v3.9.2 - 21-12-2022 *\/\n.elementor-widget-image{text-align:center}.elementor-widget-image a{display:inline-block}.elementor-widget-image a img[src$=\".svg\"]{width:48px}.elementor-widget-image img{vertical-align:middle;display:inline-block}<\/style>\t\t\t\t\t\t\t\t\t\t\t\t<img loading=\"lazy\" decoding=\"async\" width=\"768\" height=\"1024\" src=\"https:\/\/exceptys.com\/wp-content\/uploads\/2022\/12\/png_SMILZZ-OFFICINE_17-11-2022-023-768x1024.png\" class=\"attachment-large size-large wp-image-164\" alt=\"\" srcset=\"https:\/\/exceptys.com\/wp-content\/uploads\/2022\/12\/png_SMILZZ-OFFICINE_17-11-2022-023-768x1024.png 768w, https:\/\/exceptys.com\/wp-content\/uploads\/2022\/12\/png_SMILZZ-OFFICINE_17-11-2022-023-225x300.png 225w, https:\/\/exceptys.com\/wp-content\/uploads\/2022\/12\/png_SMILZZ-OFFICINE_17-11-2022-023-1152x1536.png 1152w, https:\/\/exceptys.com\/wp-content\/uploads\/2022\/12\/png_SMILZZ-OFFICINE_17-11-2022-023-1536x2048.png 1536w\" sizes=\"auto, (max-width: 768px) 100vw, 768px\" \/>\t\t\t\t\t\t\t\t\t\t\t\t\t\t\t<\/div>\n\t\t\t\t<\/div>\n\t\t\t\t\t<\/div>\n\t\t<\/div>\n\t\t\t\t<div class=\"elementor-column elementor-col-50 elementor-top-column elementor-element elementor-element-a087a87\" data-id=\"a087a87\" data-element_type=\"column\">\n\t\t\t<div class=\"elementor-widget-wrap elementor-element-populated\">\n\t\t\t\t\t\t\t\t<div class=\"elementor-element elementor-element-309516b elementor-widget elementor-widget-heading\" data-id=\"309516b\" data-element_type=\"widget\" data-widget_type=\"heading.default\">\n\t\t\t\t<div class=\"elementor-widget-container\">\n\t\t\t<style>\/*! elementor - v3.9.2 - 21-12-2022 *\/\n.elementor-heading-title{padding:0;margin:0;line-height:1}.elementor-widget-heading .elementor-heading-title[class*=elementor-size-]>a{color:inherit;font-size:inherit;line-height:inherit}.elementor-widget-heading .elementor-heading-title.elementor-size-small{font-size:15px}.elementor-widget-heading .elementor-heading-title.elementor-size-medium{font-size:19px}.elementor-widget-heading .elementor-heading-title.elementor-size-large{font-size:29px}.elementor-widget-heading .elementor-heading-title.elementor-size-xl{font-size:39px}.elementor-widget-heading .elementor-heading-title.elementor-size-xxl{font-size:59px}<\/style><h2 class=\"elementor-heading-title elementor-size-default\">Huile alimentaire de Nigelle d'Egypte Bio<\/h2>\t\t<\/div>\n\t\t\t\t<\/div>\n\t\t\t\t<div class=\"elementor-element elementor-element-32fa745 elementor-widget elementor-widget-text-editor\" data-id=\"32fa745\" data-element_type=\"widget\" data-widget_type=\"text-editor.default\">\n\t\t\t\t<div class=\"elementor-widget-container\">\n\t\t\t<style>\/*! elementor - v3.9.2 - 21-12-2022 *\/\n.elementor-widget-text-editor.elementor-drop-cap-view-stacked .elementor-drop-cap{background-color:#818a91;color:#fff}.elementor-widget-text-editor.elementor-drop-cap-view-framed .elementor-drop-cap{color:#818a91;border:3px solid;background-color:transparent}.elementor-widget-text-editor:not(.elementor-drop-cap-view-default) .elementor-drop-cap{margin-top:8px}.elementor-widget-text-editor:not(.elementor-drop-cap-view-default) .elementor-drop-cap-letter{width:1em;height:1em}.elementor-widget-text-editor .elementor-drop-cap{float:left;text-align:center;line-height:1;font-size:50px}.elementor-widget-text-editor .elementor-drop-cap-letter{display:inline-block}<\/style>\t\t\t\t<p>Huile alimentaire de Cumin Noir d\u2019Egypte Bio 100ml. Premi\u00e8re pression \u00e0 froid.<\/p><p>\u2714\ufe0fImmunostimulante, hypoglyc\u00e9miante et digestive<br \/>\u2714\ufe0fAlimentaire\u00a0<br \/>\u2714\ufe0fIssu de l\u2019Agriculture Biologique<\/p><p>Cette huile est particuli\u00e8rement adapt\u00e9e pour tous ceux qui veulent booster leurs d\u00e9fenses naturelles de mani\u00e8re tr\u00e8s simple, au quotidien, avec une huile de haute qualit\u00e9, tout en donnant du go\u00fbt \u00e0 leur cuisine : ajoutez quelques gouttes dans les salades, les plats, et vous\u00a0 sentirez la diff\u00e9rence !\u00a0<\/p>\t\t\t\t\t\t<\/div>\n\t\t\t\t<\/div>\n\t\t\t\t<div class=\"elementor-element elementor-element-a845fed elementor-align-left elementor-mobile-align-center elementor-widget elementor-widget-button\" data-id=\"a845fed\" data-element_type=\"widget\" data-widget_type=\"button.default\">\n\t\t\t\t<div class=\"elementor-widget-container\">\n\t\t\t\t\t<div class=\"elementor-button-wrapper\">\n\t\t\t<a href=\"https:\/\/www.amazon.fr\/Huile-Nigelle-alimentaire-dEgypte-Naturelle\/dp\/B0BP2PS78V\/ref=sr_1_3?crid=30QLAX7XC1N15&#038;keywords=exceptys&#038;qid=1671719007&#038;sprefix=%2Caps%2C338&#038;sr=8-3\" class=\"elementor-button-link elementor-button elementor-size-md\" role=\"button\">\n\t\t\t\t\t\t<span class=\"elementor-button-content-wrapper\">\n\t\t\t\t\t\t<span class=\"elementor-button-text\">Acheter (16,90\u20ac)<\/span>\n\t\t<\/span>\n\t\t\t\t\t<\/a>\n\t\t<\/div>\n\t\t\t\t<\/div>\n\t\t\t\t<\/div>\n\t\t\t\t\t<\/div>\n\t\t<\/div>\n\t\t\t\t\t\t\t<\/div>\n\t\t<\/section>\n\t\t\t\t<section class=\"elementor-section elementor-top-section elementor-element elementor-element-13f37e7 elementor-section-boxed elementor-section-height-default elementor-section-height-default\" data-id=\"13f37e7\" data-element_type=\"section\">\n\t\t\t\t\t\t<div class=\"elementor-container elementor-column-gap-default\">\n\t\t\t\t\t<div class=\"elementor-column elementor-col-100 elementor-top-column elementor-element elementor-element-b48ba60\" data-id=\"b48ba60\" data-element_type=\"column\">\n\t\t\t<div class=\"elementor-widget-wrap elementor-element-populated\">\n\t\t\t\t\t\t\t\t<div class=\"elementor-element elementor-element-aa9e21d elementor-widget elementor-widget-html\" data-id=\"aa9e21d\" data-element_type=\"widget\" data-widget_type=\"html.default\">\n\t\t\t\t<div class=\"elementor-widget-container\">\n\t\t\t<!doctype html>\r\n<html>\r\n<head>\r\n<title>Page produit<\/title>\r\n<meta http-equiv=\"Content-Type\" content=\"text\/html; charset=UTF-8\">\r\n\r\n<style type=\"text\/css\">\r\n    \r\n@media screen and (min-width: 1001px)\r\n{\r\n    \r\n    .bienfait{\r\n        background-color:#f2ede7;\r\n        margin: 2vh;\r\n        padding: 1vh;\r\n        border-radius:20px;\r\n        text-align:justify;\r\n        display:flex;\r\n    }\r\n    \r\n    .cat{\r\n        height:3vh;\r\n        float:left;\r\n    }\r\n    \r\n    .cat2{\r\n        height:6vh;\r\n        margin-right:1vw;\r\n    }\r\n    \r\n    .tunt{\r\n        height:30vh;\r\n        padding-left : 5%;\r\n        padding-right : 5%;\r\n    }\r\n    \r\n    .ing{\r\n        height:30vh;\r\n    }\r\n  \r\n.ingrand{\r\n        height:30vh;\r\n    }\r\n    \r\n.menu{\r\n    display:flex;\r\n    font-family:Arial;\r\n    font-weight: 100;\r\n    width:80%;\r\n    margin-left:10%;\r\n}\r\n    \r\n.but{\r\n    text-align: center;\r\n    border: solid 1px #EDF6F9;\r\n    color:aliceblue;\r\n    opacity:80%;\r\n    background-color: #212D6C;\r\n    height:9vh;\r\n    padding-top: 2vh;\r\n    font-family: Arial;\r\n    cursor: pointer;\r\n    padding-left:1vw;\r\n    border-radius:10px;\r\n    font-size:2.5vh;\r\n}\r\n    \r\n.but:hover{\r\n    opacity:0.9;\r\n}\r\n    \r\n    #togg1{\r\n        opacity:100%;\r\n    }\r\n    \r\n    .txt{\r\n        background-color: #Ffffff;\r\n        padding-left:2vw;\r\n        padding-right:2vw;\r\n        width:400%;\r\n        padding-bottom:2vh;\r\n        padding-top:2vh;\r\n        border-radius:15px;\r\n        font-size:2vh;\r\n        font-weight:500;\r\n    }\r\n\r\n    .sm{\r\n    display:flex;\r\n    flex-direction: column;\r\n    width:25%;\r\n    }\r\n\r\n\r\n    #d1{\r\n        text-align:center;\r\n        vertical-align:middle; \r\n        display:inline-block; \r\n}\r\n    \r\n    #d2{\r\n    display:none;\r\n    margin-left:-100%;\r\n}\r\n\r\n    #d3{\r\n    display:none;\r\n    margin-left:-200%;\r\n}\r\n    \r\n.flex{\r\n    display:flex;\r\n    padding-top:2vh;\r\n    text-align:center;\r\n    }\r\n\r\n    .jsp{\r\n        width:50%;\r\n    }  \r\n\r\n  .jspImu{\r\n        margin-left:25%;\r\n        width:50%;\r\n        text-align:center;\r\n    }  \r\n\r\n    \r\n#d4{\r\n    display:none;\r\n    margin-left:-300%;\r\n    text-align:justify;\r\n}\r\n    \r\n    .science{\r\n        display:flex;\r\n        text-align: justify;\r\n    }\r\n    \r\n    .nigelle{\r\n        height:30vh;\r\n        margin-left: 2vw;\r\n        margin-left: 2vw;\r\n    }\r\n    \r\n    .boutton1{\r\n        margin-top:3vh;\r\n        background-color: #212D6C;\r\n        color:aliceblue;\r\n        width:30vw;\r\n        text-align:center;\r\n        padding : 1vh;\r\n        border-radius: 5px;\r\n        font-size:2vh;\r\n    }\r\n    \r\n    .boutton2{\r\n        background-color: #212D6C;\r\n        color:aliceblue;\r\n        width:30vw;\r\n        text-align:center;\r\n        padding : 1vh;\r\n        border-radius: 5px;\r\n        font-size:2vh;\r\n    }\r\n    \r\n    .boutton3{\r\n        background-color: #212D6C;\r\n        color:aliceblue;\r\n        text-align:center;\r\n        padding : 2%;\r\n        border-radius: 5px;\r\n        font-size:2vh;\r\n        margin-bottom:2vh;\r\n        position:absolute;\r\n        bottom:0;\r\n    }\r\n    \r\n    .tab1{\r\n        width:85%;\r\n        margin :7%;\r\n    }\r\n    \r\n    .bloc1{\r\n        background-color: #ffffff;\r\n        padding:1vh;\r\n        border-radius: 20px;\r\n        width:90%;\r\n        padding-bottom:2vh;\r\n        position:relative;\r\n    }\r\n    \r\n\r\n}\r\n\r\n@media screen and (max-width: 1000px)\r\n{\r\n    \r\n.science{\r\n        display:flex;\r\n        flex-direction: column-reverse;\r\n    }\r\n    \r\n    .nigelle{\r\n        width:50%;\r\n        margin-left: 25%;\r\n    }\r\n    \r\n    .boutton1{\r\n        margin-top:3vh;\r\n        background-color: #212D6C;\r\n        color:aliceblue;\r\n        width:60vw;\r\n        text-align:center;\r\n        padding : 1vh;\r\n        border-radius: 5px;\r\n        font-size:2vh;\r\n    }\r\n    \r\n    .boutton2{\r\n        background-color: #212D6C;\r\n        color:aliceblue;\r\n        width:60vw;\r\n        text-align:center;\r\n        padding : 1vh;\r\n        border-radius: 5px;\r\n        font-size:2vh;\r\n    }\r\n    \r\n    .boutton3{\r\n        background-color: #212D6C;\r\n        color:aliceblue;\r\n        text-align:center;\r\n        padding : 2%;\r\n        border-radius: 5px;\r\n        font-size:2vh;\r\n        margin-bottom:2vh;\r\n        position:absolute;\r\n        bottom:0;\r\n    }\r\n    \r\n    .tab1{\r\n        width:96%;\r\n    }\r\n    \r\n    .bloc1{\r\n        background-color: #ffffff;\r\n        padding:1vh;\r\n        border-radius: 20px;\r\n        width:90%;\r\n      margin-left:5%;\r\n        position:relative;\r\n        font-size: 2vh;\r\n      padding-bottom:2vh;\r\n      margin-bottom:4vh;\r\n    }    \r\n\r\n\r\n.bienfait{\r\n        background-color:#f2ede7;\r\n        margin: 2vh;\r\n        padding: 1vh;\r\n        border-radius:20px;\r\n        text-align:center;\r\n    }\r\n    \r\n    .cat{\r\n        height:4vh;\r\n        float:left;\r\n        margin-left: 2vw;\r\n        margin-top : 1vh;\r\n    }\r\n    \r\n    .cat2{\r\n        height:7vh;\r\n        margin-right:1vw;\r\n    }\r\n    \r\n    .tunt{\r\n        height: 30vh;\r\n        padding-left : 5%;\r\n        padding-right : 5%;\r\n    }\r\n    \r\n    \r\n    \r\n.ing{\r\n        width:60%;\r\n    }\r\n\r\n.ingrand{\r\n        width:30%;\r\n}\r\n    \r\n    \r\n.but{\r\n    text-align: center;\r\n    border: solid 1px #EDF6F9;\r\n    color:aliceblue;\r\n    background-color: #212D6C;\r\n    height:10vh;\r\n    padding-top: 1.8vh;\r\n    font-weight:600;\r\n    font-size:3.5vh;\r\n    width:100%;\r\n    cursor: pointer;\r\n}\r\n    \r\n.but:hover{\r\n    opacity:0.7;\r\n}\r\n    \r\n.txt{\r\n    background-color: #Ffffff;\r\n    padding-left:2vw;\r\n    padding-top:1vh;\r\n    padding-bottom:3vh;\r\n    width:100%;\r\n    text-align:center;\r\n}\r\n\r\n.menu{\r\n    display:flex;\r\n    flex-direction: column;\r\n    font-family: Arial;\r\n}\r\n\r\n\r\n    #d1{\r\n    display:none;\r\n        font-size:2vh;\r\n}\r\n    #d2{\r\n    display:none;\r\n}\r\n\r\n    #d3{\r\n    display:none;\r\n}\r\n    #d4{\r\n    display:none;\r\n    text-align: justify;\r\n    padding-right:4vw;\r\n}\r\n    \r\n    \r\n    \r\n.flex{\r\n    text-align:center;\r\n}\r\n\r\n    \r\n}    \r\n    \r\n<\/style>\r\n    \r\n    \r\n    \r\n<script src=\"https:\/\/ajax.googleapis.com\/ajax\/libs\/jquery\/3.6.1\/jquery.min.js\"><\/script>\r\n<script>\r\n\r\n    \r\nif(window.innerWidth>1001) {\r\n\r\n$(document).ready(function(){\r\n  $(\"#togg1\").click(function(){\r\n    $(\"#d1\").slideDown(0.1);\r\n    $(\"#d2\").slideUp(0.1);\r\n    $(\"#d3\").slideUp(0.1);\r\n    $(\"#d4\").slideUp(0.1);\r\n  });\r\n    \r\n$(\"#togg2\").click(function(){\r\n    $(\"#d1\").slideUp(0.1);\r\n    $(\"#d2\").slideDown(0.1);\r\n    $(\"#d3\").slideUp(0.1);\r\n    $(\"#d4\").slideUp(0.1);\r\n  });\r\n    \r\n$(\"#togg3\").click(function(){\r\n    $(\"#d1\").slideUp(0.1);\r\n    $(\"#d2\").slideUp(0.1);\r\n    $(\"#d3\").slideDown(0.1);\r\n    $(\"#d4\").slideUp(0.1);\r\n  });\r\n    \r\n$(\"#togg4\").click(function(){\r\n    $(\"#d1\").slideUp(0.1);\r\n    $(\"#d2\").slideUp(0.1);\r\n    $(\"#d3\").slideUp(0.1);\r\n    $(\"#d4\").slideDown(0.1);\r\n  });\r\n    \r\n});\r\n\r\nfunction myFunction2() {\r\n    document.getElementById(\"togg2\").style.opacity = \"1\";\r\n    document.getElementById(\"togg1\").style.opacity = \"0.8\";\r\n    document.getElementById(\"togg3\").style.opacity = \"0.8\";\r\n    document.getElementById(\"togg4\").style.opacity = \"0.8\";\r\n}\r\n    \r\nfunction myFunction1() {\r\n    document.getElementById(\"togg1\").style.opacity = \"1\";\r\n    document.getElementById(\"togg2\").style.opacity = \"0.8\";\r\n    document.getElementById(\"togg3\").style.opacity = \"0.8\";\r\n    document.getElementById(\"togg4\").style.opacity = \"0.8\";\r\n}\r\n    \r\nfunction myFunction3() {\r\n    document.getElementById(\"togg3\").style.opacity = \"1\";\r\n    document.getElementById(\"togg1\").style.opacity = \"0.8\";\r\n    document.getElementById(\"togg2\").style.opacity = \"0.8\";\r\n    document.getElementById(\"togg4\").style.opacity = \"0.8\";\r\n}\r\n\r\nfunction myFunction4() {\r\n    document.getElementById(\"togg4\").style.opacity = \"1\";\r\n    document.getElementById(\"togg1\").style.opacity = \"0.8\";\r\n    document.getElementById(\"togg3\").style.opacity = \"0.8\";\r\n    document.getElementById(\"togg2\").style.opacity = \"0.8\";\r\n}\r\n    \r\n}\r\n\r\nif(window.innerWidth<1000) {\r\n\r\n$(document).ready(function(){\r\n  $(\"#togg1\").click(function(){\r\n    $(\"#d1\").slideToggle();\r\n    $(\"#d2\").slideUp();\r\n    $(\"#d3\").slideUp();\r\n    $(\"#d4\").slideUp();\r\n  });\r\n    \r\n$(\"#togg2\").click(function(){\r\n    $(\"#d1\").slideUp();\r\n    $(\"#d2\").slideToggle();\r\n    $(\"#d3\").slideUp();\r\n    $(\"#d4\").slideUp();\r\n  });\r\n    \r\n$(\"#togg3\").click(function(){\r\n    $(\"#d1\").slideUp();\r\n    $(\"#d2\").slideUp();\r\n    $(\"#d3\").slideToggle();\r\n    $(\"#d4\").slideUp();\r\n  });\r\n    \r\n$(\"#togg4\").click(function(){\r\n    $(\"#d1\").slideUp();\r\n    $(\"#d2\").slideUp();\r\n    $(\"#d3\").slideUp();\r\n    $(\"#d4\").slideToggle();\r\n  });\r\n    \r\n});\r\n    \r\n}\r\n    \r\n<\/script>\r\n\r\n<\/head>\r\n\r\n<html>\r\n\r\n<body>\r\n    \r\n<div class=\"menu\">\r\n\r\n    \r\n<div class=\"sm\">\r\n    <div id=\"togg1\" class=\"but\" onclick=\"myFunction1()\">\r\n        Bienfaits<\/div>\r\n        \r\n    \r\n        <div id=\"d1\" class=\"txt\">\r\n            <div><p><b>L\u2019huile v\u00e9g\u00e9tale de Nigelle d\u2019Egypte BIO<\/b>, par ses propri\u00e9t\u00e9s exceptionnelles gr\u00e2ce \u00e0 son importante teneur en huile essentielle et autres composants actifs, et de par sa fili\u00e8re \u00e9thique et durable, fait partie de nos produits d\u2019exception.\r\n                <div class=\"bienfait\">\r\n                <p>La consommer permet de : \r\nbooster les d\u00e9fenses naturelles, participer au bon fonctionnement de la digestion, d\u00e9gager les voies sup\u00e9rieurs respiratoirs, apaiser les inflammations, favoriser la cicatrisation\r\n\r\n\r\n                <\/p><\/div>\r\n                \r\n            <\/div>\r\n            \r\n        <\/div>\r\n<\/div>\r\n\r\n    \r\n    \r\n    \r\n    \r\n    \r\n    \r\n<div class=\"sm\">\r\n    \r\n        <div id=\"togg2\" class=\"but\" onclick=\"myFunction2()\">\r\n            Conseils d'utilisation<\/div>\r\n    <div id=\"d2\" class=\"txt\">\r\n        <b>Posologie :<\/b><br\/>\r\n       Prendre 1 a\u0300 3 cuille\u0300res a\u0300 cafe\u0301 par jour.\r\n\r\n<br\/><br\/>\r\n        <b>Taille du flacon :<\/b><br\/>\r\n        Ce flacon contient 100 mL d\u2019huile de Nigelle .\r\n\r\n<br\/><br\/>\r\n        <b>Conditions de conservation :<\/b><br\/> \r\n        \u00c0 conserver dans un endroit sec, \u00e0 l'abri de la lumi\u00e8re et de la chaleur. A conserver au frais apr\u00e8s ouverture.\r\n\r\n<br\/><br\/>\r\n        <b>Pr\u00e9cautions d\u2019emploi :<\/b><br\/>\r\n        D\u00e9conseill\u00e9 chez les enfants, les adolescents, les femmes enceintes ou allaitantes.\r\n<br\/><br\/>\r\n        \r\n    <\/div>\r\n    <\/div>\r\n\r\n    <div class=\"sm\">\r\n        <div id=\"togg3\" class=\"but\" onclick=\"myFunction3()\">\r\n            Ingr\u00e9dients<\/div>\r\n    \r\n        <div id=\"d3\" class=\"txt\">\r\n            <div class=\"jspImu\">\r\n                <br\/><br\/>\r\n                <div class=\"bloc1\">\r\n                <b>Huile de Nigelle d'Egypthe<\/b><br\/><br\/>\r\n                100% huile de graine de Nigelle Bio* d\u2019Egypte.<br\/><br\/> (*ingre\u0301dient issu de l\u2019agriculture biologique)<br\/>\r\n                \r\n                <\/div>\r\n            <\/div>\r\n                <br\/>\r\n                <br\/>\r\n        <\/div>\r\n    <\/div>\r\n\r\n    <div class=\"sm\">\r\n        <div id=\"togg4\" class=\"but\" onclick=\"myFunction4()\">\r\n            Science<\/div>\r\n   \r\n        <div id=\"d4\" class=\"txt\">\r\n            \r\n            <div>\r\n                <p>Cette huile contient une richesse d'actifs \u00e9tudi\u00e9s cliniquement :<br\/>\r\n\u2714\ufe0f Huile essentielle de Nigelle avec Thymoquinone : Booster de l'immunit\u00e9, anti-inflammatoire.<br\/>\r\n\u2714\ufe0f Nigelline : Favorise le p\u00e9ristaltisme du tube digestif, et participe au bon fonctionnement de la digestion.<br\/>\r\n\u2714\ufe0f Nigellone : poss\u00e8de un effet bronchodilatateur et anti-allergique.<br\/>\r\n\u2714\ufe0f Om\u00e9ga 6 \/ 9 : contribuent au bon niveau d'hydratation de la peau, renforcent la barri\u00e8re cutan\u00e9e, apaisent les inflammations et favorisent la cicatrisation.<br\/>\r\n\u2714\ufe0f Vitamine E \/ Carot\u00e9no\u00efdes : antioxydants puissants, pr\u00e9viennent des dommages li\u00e9s aux stress oxydants.<br\/>\r\n\u2714\ufe0f Fer : constituant de l'h\u00e9moglobine, le fer est un \u00e9l\u00e9ment essentielle centrale \u00e0 la bonne oxyg\u00e9nation de nos organes<br\/>\r\n\u2714\ufe0f Phosphore : pr\u00e9servation de l\u2019ossature et des membranes cellulaires.\r\n                <\/p>\r\n                <a href=\"https:\/\/lofficinedumonde.fr\/pages\/science\" style=\"text-decoration:none\"><div class=\"boutton1\"><b>D\u00e9couvrir les \u00e9tudes<\/b><\/div><\/a>\r\n            <\/div>\r\n        <br\/><br\/>\r\n            \r\n        <div class=\"science\">\r\n        \r\n        <div>\r\n        <h2>Nigella Sativa<\/h2>\r\n        <p>Dans plusieurs r\u00e9gions du monde, la Nigelle est consomm\u00e9e au quotidien, sous forme alimentaire, mais aussi sous forme cosm\u00e9tique, pour le visage, la peau et les cheveux. On raconte que son origine est ancestrale et myst\u00e9rieuse, qu\u2019elle a travers\u00e9 les \u00e9poques, qu\u2019elle est aujourd\u2019hui reconnue dans certaines communaut\u00e9s et r\u00e9gions et qu\u2019elle aurait tout d\u2019un don du ciel. Mais que, malgr\u00e9 son histoire mill\u00e9naire, son usage est demeur\u00e9 local et limit\u00e9, car il a franchi peu de fronti\u00e8res, comme un secret que l\u2019on s\u2019efforcerait de garder.<\/p>\r\n            <a href=\"https:\/\/lofficinedumonde.fr\/pages\/plantes\" style=\"text-decoration:none\"><div class=\"boutton2\"><b>D\u00e9couvrir la Nigelle<\/b><\/div><\/a>\r\n            <\/div>\r\n        <\/div>\r\n        <\/div>\r\n    <\/div>\r\n    \r\n<\/div>\r\n    \r\n<\/body>\r\n<\/html>\t\t<\/div>\n\t\t\t\t<\/div>\n\t\t\t\t\t<\/div>\n\t\t<\/div>\n\t\t\t\t\t\t\t<\/div>\n\t\t<\/section>\n\t\t\t\t\t\t\t<\/div>\n\t\t","protected":false},"excerpt":{"rendered":"<p>Huile alimentaire de Nigelle d&#8217;Egypte Bio Huile alimentaire de Cumin Noir d\u2019Egypte Bio 100ml. Premi\u00e8re pression \u00e0 froid. \u2714\ufe0fImmunostimulante, hypoglyc\u00e9miante et digestive\u2714\ufe0fAlimentaire\u00a0\u2714\ufe0fIssu de l\u2019Agriculture Biologique Cette huile est particuli\u00e8rement adapt\u00e9e pour tous ceux qui veulent booster leurs d\u00e9fenses naturelles de mani\u00e8re tr\u00e8s simple, au quotidien, avec une huile de haute qualit\u00e9, tout en donnant du go\u00fbt \u00e0 leur cuisine : ajoutez quelques gouttes dans les salades, les plats, et vous\u00a0 sentirez la diff\u00e9rence !\u00a0 Acheter (16,90\u20ac) Page produit Bienfaits L\u2019huile v\u00e9g\u00e9tale de Nigelle d\u2019Egypte BIO, par ses propri\u00e9t\u00e9s exceptionnelles gr\u00e2ce \u00e0 son importante teneur en huile essentielle et autres composants\u2026<\/p>\n","protected":false},"author":1,"featured_media":0,"parent":0,"menu_order":0,"comment_status":"closed","ping_status":"closed","template":"","meta":{"footnotes":""},"class_list":["post-53","page","type-page","status-publish","hentry"],"blocksy_meta":{"styles_descriptor":{"styles":{"desktop":"","tablet":"","mobile":""},"google_fonts":[],"version":5}},"_links":{"self":[{"href":"https:\/\/exceptys.com\/index.php\/wp-json\/wp\/v2\/pages\/53","targetHints":{"allow":["GET"]}}],"collection":[{"href":"https:\/\/exceptys.com\/index.php\/wp-json\/wp\/v2\/pages"}],"about":[{"href":"https:\/\/exceptys.com\/index.php\/wp-json\/wp\/v2\/types\/page"}],"author":[{"embeddable":true,"href":"https:\/\/exceptys.com\/index.php\/wp-json\/wp\/v2\/users\/1"}],"replies":[{"embeddable":true,"href":"https:\/\/exceptys.com\/index.php\/wp-json\/wp\/v2\/comments?post=53"}],"version-history":[{"count":73,"href":"https:\/\/exceptys.com\/index.php\/wp-json\/wp\/v2\/pages\/53\/revisions"}],"predecessor-version":[{"id":588,"href":"https:\/\/exceptys.com\/index.php\/wp-json\/wp\/v2\/pages\/53\/revisions\/588"}],"wp:attachment":[{"href":"https:\/\/exceptys.com\/index.php\/wp-json\/wp\/v2\/media?parent=53"}],"curies":[{"name":"wp","href":"https:\/\/api.w.org\/{rel}","templated":true}]}}