{"id":13,"date":"2022-12-22T13:43:43","date_gmt":"2022-12-22T12:43:43","guid":{"rendered":"http:\/\/exceptys.com\/?page_id=13"},"modified":"2024-05-02T12:34:27","modified_gmt":"2024-05-02T10:34:27","slug":"accueil-bis","status":"publish","type":"page","link":"https:\/\/exceptys.com\/","title":{"rendered":"Exceptys"},"content":{"rendered":"\t\t<div data-elementor-type=\"wp-page\" data-elementor-id=\"13\" class=\"elementor elementor-13\">\n\t\t\t\t\t\t\t\t\t<section class=\"elementor-section elementor-top-section elementor-element elementor-element-3e8c486d elementor-section-height-min-height elementor-section-items-stretch elementor-section-content-bottom elementor-reverse-tablet ct-section-stretched elementor-section-boxed elementor-section-height-default\" data-id=\"3e8c486d\" data-element_type=\"section\" data-settings=\"{&quot;background_background&quot;:&quot;classic&quot;}\">\n\t\t\t\t\t\t<div class=\"elementor-container elementor-column-gap-no\">\n\t\t\t\t\t<div class=\"elementor-column elementor-col-50 elementor-top-column elementor-element elementor-element-6ec794c6\" data-id=\"6ec794c6\" data-element_type=\"column\">\n\t\t\t<div class=\"elementor-widget-wrap elementor-element-populated\">\n\t\t\t\t\t\t\t\t<div class=\"elementor-element elementor-element-1e5fc6b6 elementor-invisible elementor-widget elementor-widget-image\" data-id=\"1e5fc6b6\" data-element_type=\"widget\" data-settings=\"{&quot;_animation&quot;:&quot;slideInDown&quot;}\" data-widget_type=\"image.default\">\n\t\t\t\t<div class=\"elementor-widget-container\">\n\t\t\t<style>\/*! elementor - v3.9.2 - 21-12-2022 *\/\n.elementor-widget-image{text-align:center}.elementor-widget-image a{display:inline-block}.elementor-widget-image a img[src$=\".svg\"]{width:48px}.elementor-widget-image img{vertical-align:middle;display:inline-block}<\/style>\t\t\t\t\t\t\t\t\t\t\t\t<img loading=\"lazy\" decoding=\"async\" width=\"1024\" height=\"576\" src=\"https:\/\/exceptys.com\/wp-content\/uploads\/2022\/12\/6-1024x576.png\" class=\"attachment-large size-large wp-image-23\" alt=\"\" srcset=\"https:\/\/exceptys.com\/wp-content\/uploads\/2022\/12\/6-1024x576.png 1024w, https:\/\/exceptys.com\/wp-content\/uploads\/2022\/12\/6-300x169.png 300w, https:\/\/exceptys.com\/wp-content\/uploads\/2022\/12\/6-768x432.png 768w, https:\/\/exceptys.com\/wp-content\/uploads\/2022\/12\/6-1536x864.png 1536w, https:\/\/exceptys.com\/wp-content\/uploads\/2022\/12\/6.png 1920w\" sizes=\"auto, (max-width: 1024px) 100vw, 1024px\" \/>\t\t\t\t\t\t\t\t\t\t\t\t\t\t\t<\/div>\n\t\t\t\t<\/div>\n\t\t\t\t\t<\/div>\n\t\t<\/div>\n\t\t\t\t<div class=\"elementor-column elementor-col-50 elementor-top-column elementor-element elementor-element-545be720\" data-id=\"545be720\" data-element_type=\"column\" data-settings=\"{&quot;background_background&quot;:&quot;classic&quot;}\">\n\t\t\t<div class=\"elementor-widget-wrap elementor-element-populated\">\n\t\t\t\t\t\t\t\t<div class=\"elementor-element elementor-element-79d28542 elementor-invisible elementor-widget elementor-widget-heading\" data-id=\"79d28542\" data-element_type=\"widget\" data-settings=\"{&quot;_animation&quot;:&quot;fadeInUp&quot;,&quot;_animation_delay&quot;:200}\" data-widget_type=\"heading.default\">\n\t\t\t\t<div class=\"elementor-widget-container\">\n\t\t\t<style>\/*! elementor - v3.9.2 - 21-12-2022 *\/\n.elementor-heading-title{padding:0;margin:0;line-height:1}.elementor-widget-heading .elementor-heading-title[class*=elementor-size-]>a{color:inherit;font-size:inherit;line-height:inherit}.elementor-widget-heading .elementor-heading-title.elementor-size-small{font-size:15px}.elementor-widget-heading .elementor-heading-title.elementor-size-medium{font-size:19px}.elementor-widget-heading .elementor-heading-title.elementor-size-large{font-size:29px}.elementor-widget-heading .elementor-heading-title.elementor-size-xl{font-size:39px}.elementor-widget-heading .elementor-heading-title.elementor-size-xxl{font-size:59px}<\/style><h2 class=\"elementor-heading-title elementor-size-default\">Nigella Sativa<\/h2>\t\t<\/div>\n\t\t\t\t<\/div>\n\t\t\t\t<div class=\"elementor-element elementor-element-1ecb80e7 elementor-invisible elementor-widget elementor-widget-text-editor\" data-id=\"1ecb80e7\" data-element_type=\"widget\" data-settings=\"{&quot;_animation&quot;:&quot;fadeInUp&quot;,&quot;_animation_delay&quot;:400}\" data-widget_type=\"text-editor.default\">\n\t\t\t\t<div class=\"elementor-widget-container\">\n\t\t\t<style>\/*! elementor - v3.9.2 - 21-12-2022 *\/\n.elementor-widget-text-editor.elementor-drop-cap-view-stacked .elementor-drop-cap{background-color:#818a91;color:#fff}.elementor-widget-text-editor.elementor-drop-cap-view-framed .elementor-drop-cap{color:#818a91;border:3px solid;background-color:transparent}.elementor-widget-text-editor:not(.elementor-drop-cap-view-default) .elementor-drop-cap{margin-top:8px}.elementor-widget-text-editor:not(.elementor-drop-cap-view-default) .elementor-drop-cap-letter{width:1em;height:1em}.elementor-widget-text-editor .elementor-drop-cap{float:left;text-align:center;line-height:1;font-size:50px}.elementor-widget-text-editor .elementor-drop-cap-letter{display:inline-block}<\/style>\t\t\t\t<p>Depuis le Maroc jusqu&#8217;\u00e0 l&#8217;Inde, la Nigelle est consomm\u00e9e au quotidien sous de multiples formes, huile alimentaire, huile cosm\u00e9tique pour le visage, la peau et les cheveux. La Nigelle est une plante ancestrale et myst\u00e9rieuse qui a travers\u00e9 les \u00e9poques avec constance. De multiples communaut\u00e9s l&#8217;ont adopt\u00e9e, comme un secret de sant\u00e9 que l&#8217;on se transmet. Elle a la r\u00e9putation d&#8217;\u00eatre un don du ciel. Etonnamment, son usage est demeur\u00e9 assez localis\u00e9 et limit\u00e9 au sud et \u00e0 l&#8217;est de la M\u00e9diterran\u00e9e et dans tout l&#8217;Orient. Elle commence \u00e0 \u00eatre connue et utilis\u00e9e en Europe.<\/p>\t\t\t\t\t\t<\/div>\n\t\t\t\t<\/div>\n\t\t\t\t<div class=\"elementor-element elementor-element-3575c83d elementor-widget__width-initial elementor-widget-tablet__width-inherit elementor-widget-mobile__width-inherit elementor-absolute elementor-widget elementor-widget-spacer\" data-id=\"3575c83d\" data-element_type=\"widget\" data-settings=\"{&quot;_position&quot;:&quot;absolute&quot;}\" data-widget_type=\"spacer.default\">\n\t\t\t\t<div class=\"elementor-widget-container\">\n\t\t\t<style>\/*! elementor - v3.9.2 - 21-12-2022 *\/\n.elementor-column .elementor-spacer-inner{height:var(--spacer-size)}.e-con{--container-widget-width:100%}.e-con-inner>.elementor-widget-spacer,.e-con>.elementor-widget-spacer{width:var(--container-widget-width,var(--spacer-size));--align-self:var(--container-widget-align-self,initial);--flex-shrink:0}.e-con-inner>.elementor-widget-spacer>.elementor-widget-container,.e-con-inner>.elementor-widget-spacer>.elementor-widget-container>.elementor-spacer,.e-con>.elementor-widget-spacer>.elementor-widget-container,.e-con>.elementor-widget-spacer>.elementor-widget-container>.elementor-spacer{height:100%}.e-con-inner>.elementor-widget-spacer>.elementor-widget-container>.elementor-spacer>.elementor-spacer-inner,.e-con>.elementor-widget-spacer>.elementor-widget-container>.elementor-spacer>.elementor-spacer-inner{height:var(--container-widget-height,var(--spacer-size))}<\/style>\t\t<div class=\"elementor-spacer\">\n\t\t\t<div class=\"elementor-spacer-inner\"><\/div>\n\t\t<\/div>\n\t\t\t\t<\/div>\n\t\t\t\t<\/div>\n\t\t\t\t<div class=\"elementor-element elementor-element-c15c199 elementor-mobile-align-center elementor-invisible elementor-widget elementor-widget-button\" data-id=\"c15c199\" data-element_type=\"widget\" data-settings=\"{&quot;_animation&quot;:&quot;slideInUp&quot;}\" data-widget_type=\"button.default\">\n\t\t\t\t<div class=\"elementor-widget-container\">\n\t\t\t\t\t<div class=\"elementor-button-wrapper\">\n\t\t\t<a href=\"http:\/\/exceptys.com\/index.php\/nigella-sativa\/\" class=\"elementor-button-link elementor-button elementor-size-lg\" role=\"button\">\n\t\t\t\t\t\t<span class=\"elementor-button-content-wrapper\">\n\t\t\t\t\t\t<span class=\"elementor-button-text\">D\u00e9couvrir la Nigelle<\/span>\n\t\t<\/span>\n\t\t\t\t\t<\/a>\n\t\t<\/div>\n\t\t\t\t<\/div>\n\t\t\t\t<\/div>\n\t\t\t\t\t<\/div>\n\t\t<\/div>\n\t\t\t\t\t\t\t<\/div>\n\t\t<\/section>\n\t\t\t\t<section class=\"elementor-section elementor-top-section elementor-element elementor-element-5940cf61 elementor-section-height-min-height elementor-section-items-stretch elementor-section-content-middle elementor-section-full_width ct-section-stretched elementor-section-height-default\" data-id=\"5940cf61\" data-element_type=\"section\" data-settings=\"{&quot;background_background&quot;:&quot;classic&quot;}\">\n\t\t\t\t\t\t<div class=\"elementor-container elementor-column-gap-no\">\n\t\t\t\t\t<div class=\"elementor-column elementor-col-100 elementor-top-column elementor-element elementor-element-4fecba59\" data-id=\"4fecba59\" data-element_type=\"column\" data-settings=\"{&quot;background_background&quot;:&quot;classic&quot;}\">\n\t\t\t<div class=\"elementor-widget-wrap elementor-element-populated\">\n\t\t\t\t\t\t\t\t<div class=\"elementor-element elementor-element-32594d7f elementor-invisible elementor-widget elementor-widget-heading\" data-id=\"32594d7f\" data-element_type=\"widget\" data-settings=\"{&quot;_animation&quot;:&quot;fadeIn&quot;,&quot;_animation_delay&quot;:400}\" data-widget_type=\"heading.default\">\n\t\t\t\t<div class=\"elementor-widget-container\">\n\t\t\t<h2 class=\"elementor-heading-title elementor-size-default\">Des huiles de tr\u00e8s haute qualit\u00e9<\/h2>\t\t<\/div>\n\t\t\t\t<\/div>\n\t\t\t\t<div class=\"elementor-element elementor-element-5cade374 elementor-invisible elementor-widget elementor-widget-text-editor\" data-id=\"5cade374\" data-element_type=\"widget\" data-settings=\"{&quot;_animation&quot;:&quot;fadeIn&quot;,&quot;_animation_delay&quot;:600}\" data-widget_type=\"text-editor.default\">\n\t\t\t\t<div class=\"elementor-widget-container\">\n\t\t\t\t\t\t\t<p>Nous sommes all\u00e9s chercher les meilleures huiles aupr\u00e8s des meilleurs producteurs. Provenant d&#8217;Egypte, d&#8217;Ethiopie et de Tunisie, ces huiles v\u00e9g\u00e9tales cosm\u00e9tiques ou alimentaires sont d&#8217;une qualit\u00e9 exceptionnelle. Les Laboratoires Exceptys sont les premiers \u00e0 s&#8217;int\u00e9resser \u00e0 ce qui fait la puissance et la qualit\u00e9 des huiles de nigelle: le contenu en thymoquinone, qui est l&#8217;actif pr\u00e9cieux au coeur de la nigelle. Nos huiles sont titr\u00e9es avec un taux de thymoquinone allant jusqu&#8217;\u00e0 39%. Ce titrage unique garantit une efficacit\u00e9 et une puissance maximales des vertus de la Nigelle. Les \u00e9tudes scientifique montrent une corr\u00e9lation directe entre le taux de thymoquinone et l&#8217;activit\u00e9 antibact\u00e9rienne et anti-inflammatoire de la nigelle. Plus le taux de thymoquinone est \u00e9lev\u00e9, plus les b\u00e9n\u00e9fices sur la sant\u00e9 et le bien-\u00eatre sont grands.<\/p><p>Comment obtient-on de tels taux d&#8217;actif? Gr\u00e2ce \u00e0 la qualit\u00e9 des graines utilis\u00e9es (origine g\u00e9ographique, famille botanique, sols, climat), mais aussi et surtout gr\u00e2ce \u00e0 des techniques d&#8217;extraction. Par exemple, le taux de thymoquinone le plus\u00a0 \u00e9lev\u00e9 est obtenu gr\u00e2ce \u00e0 une technique d&#8217;extraction rare et sophistiqu\u00e9e: le CO2 supercritique.<\/p><p>D\u00e9couvrez l&#8217;ensemble de nos huiles d\u00e8s maintenant.<\/p>\t\t\t\t\t\t<\/div>\n\t\t\t\t<\/div>\n\t\t\t\t\t<\/div>\n\t\t<\/div>\n\t\t\t\t\t\t\t<\/div>\n\t\t<\/section>\n\t\t\t\t<section class=\"elementor-section elementor-top-section elementor-element elementor-element-1886ec0f elementor-section-full_width elementor-section-height-min-height elementor-section-items-stretch elementor-section-content-middle ct-section-stretched elementor-section-height-default\" data-id=\"1886ec0f\" data-element_type=\"section\">\n\t\t\t\t\t\t<div class=\"elementor-container elementor-column-gap-no\">\n\t\t\t\t\t<div class=\"elementor-column elementor-col-100 elementor-top-column elementor-element elementor-element-765e7aea\" data-id=\"765e7aea\" data-element_type=\"column\">\n\t\t\t<div class=\"elementor-widget-wrap elementor-element-populated\">\n\t\t\t\t\t\t\t\t<div class=\"elementor-element elementor-element-15319586 elementor-widget__width-auto elementor-absolute elementor-invisible elementor-widget elementor-widget-image\" data-id=\"15319586\" data-element_type=\"widget\" data-settings=\"{&quot;_animation&quot;:&quot;slideInLeft&quot;,&quot;_position&quot;:&quot;absolute&quot;}\" data-widget_type=\"image.default\">\n\t\t\t\t<div class=\"elementor-widget-container\">\n\t\t\t\t\t\t\t\t\t\t\t\t\t\t\t<img loading=\"lazy\" decoding=\"async\" width=\"1024\" height=\"576\" src=\"https:\/\/exceptys.com\/wp-content\/uploads\/2022\/12\/Photos-graines-5-1024x576.png\" class=\"attachment-large size-large wp-image-253\" alt=\"\" srcset=\"https:\/\/exceptys.com\/wp-content\/uploads\/2022\/12\/Photos-graines-5-1024x576.png 1024w, https:\/\/exceptys.com\/wp-content\/uploads\/2022\/12\/Photos-graines-5-300x169.png 300w, https:\/\/exceptys.com\/wp-content\/uploads\/2022\/12\/Photos-graines-5-768x432.png 768w, https:\/\/exceptys.com\/wp-content\/uploads\/2022\/12\/Photos-graines-5-1536x864.png 1536w, https:\/\/exceptys.com\/wp-content\/uploads\/2022\/12\/Photos-graines-5.png 1920w\" sizes=\"auto, (max-width: 1024px) 100vw, 1024px\" \/>\t\t\t\t\t\t\t\t\t\t\t\t\t\t\t<\/div>\n\t\t\t\t<\/div>\n\t\t\t\t<div class=\"elementor-element elementor-element-60256176 elementor-widget__width-auto elementor-absolute elementor-invisible elementor-widget elementor-widget-image\" data-id=\"60256176\" data-element_type=\"widget\" data-settings=\"{&quot;_animation&quot;:&quot;slideInRight&quot;,&quot;_animation_delay&quot;:200,&quot;_position&quot;:&quot;absolute&quot;}\" data-widget_type=\"image.default\">\n\t\t\t\t<div class=\"elementor-widget-container\">\n\t\t\t\t\t\t\t\t\t\t\t\t\t\t\t<img loading=\"lazy\" decoding=\"async\" width=\"1024\" height=\"718\" src=\"https:\/\/exceptys.com\/wp-content\/uploads\/2022\/12\/Photos-graines-4-e1671719548448-1024x718.png\" class=\"attachment-large size-large wp-image-249\" alt=\"\" srcset=\"https:\/\/exceptys.com\/wp-content\/uploads\/2022\/12\/Photos-graines-4-e1671719548448-1024x718.png 1024w, https:\/\/exceptys.com\/wp-content\/uploads\/2022\/12\/Photos-graines-4-e1671719548448-300x210.png 300w, https:\/\/exceptys.com\/wp-content\/uploads\/2022\/12\/Photos-graines-4-e1671719548448-768x539.png 768w, https:\/\/exceptys.com\/wp-content\/uploads\/2022\/12\/Photos-graines-4-e1671719548448-1536x1077.png 1536w, https:\/\/exceptys.com\/wp-content\/uploads\/2022\/12\/Photos-graines-4-e1671719548448.png 1540w\" sizes=\"auto, (max-width: 1024px) 100vw, 1024px\" \/>\t\t\t\t\t\t\t\t\t\t\t\t\t\t\t<\/div>\n\t\t\t\t<\/div>\n\t\t\t\t<section class=\"elementor-section elementor-inner-section elementor-element elementor-element-530ef22d elementor-section-height-min-height elementor-section-content-middle elementor-section-boxed elementor-section-height-default\" data-id=\"530ef22d\" data-element_type=\"section\" data-settings=\"{&quot;background_background&quot;:&quot;classic&quot;}\">\n\t\t\t\t\t\t<div class=\"elementor-container elementor-column-gap-no\">\n\t\t\t\t\t<div class=\"elementor-column elementor-col-100 elementor-inner-column elementor-element elementor-element-2e7e67f\" data-id=\"2e7e67f\" data-element_type=\"column\">\n\t\t\t<div class=\"elementor-widget-wrap elementor-element-populated\">\n\t\t\t\t\t\t\t\t<div class=\"elementor-element elementor-element-5a2ed83 elementor-invisible elementor-widget elementor-widget-heading\" data-id=\"5a2ed83\" data-element_type=\"widget\" data-settings=\"{&quot;_animation&quot;:&quot;fadeIn&quot;}\" data-widget_type=\"heading.default\">\n\t\t\t\t<div class=\"elementor-widget-container\">\n\t\t\t<h2 class=\"elementor-heading-title elementor-size-default\">Laboratoire Exceptys<\/h2>\t\t<\/div>\n\t\t\t\t<\/div>\n\t\t\t\t<div class=\"elementor-element elementor-element-44b6457d elementor-invisible elementor-widget elementor-widget-text-editor\" data-id=\"44b6457d\" data-element_type=\"widget\" data-settings=\"{&quot;_animation&quot;:&quot;fadeIn&quot;,&quot;_animation_delay&quot;:200}\" data-widget_type=\"text-editor.default\">\n\t\t\t\t<div class=\"elementor-widget-container\">\n\t\t\t\t\t\t\t<p>Aux Laboratoires Exceptys, nous savons que la Terre est un tr\u00e9sor, qu\u2019elle rec\u00e8le une multitude de bienfaits naturels. Tout notre travail consiste \u00e0 les d\u00e9couvrir, \u00e0 les mettre au jour et \u00e0 les partager en respectant au maximum le travail et la nature qui en sont \u00e0 l&#8217;origine.<\/p><p>Chez Exceptys, nous cherchons ce que la nature nous a donn\u00e9 de meilleur pour le bien-\u00eatre et la sant\u00e9.<\/p>\t\t\t\t\t\t<\/div>\n\t\t\t\t<\/div>\n\t\t\t\t<div class=\"elementor-element elementor-element-ad5ad7c elementor-mobile-align-center elementor-widget elementor-widget-button\" data-id=\"ad5ad7c\" data-element_type=\"widget\" data-widget_type=\"button.default\">\n\t\t\t\t<div class=\"elementor-widget-container\">\n\t\t\t\t\t<div class=\"elementor-button-wrapper\">\n\t\t\t<a href=\"http:\/\/exceptys.com\/index.php\/laboratoire-exceptys\/\" class=\"elementor-button-link elementor-button elementor-size-sm\" role=\"button\">\n\t\t\t\t\t\t<span class=\"elementor-button-content-wrapper\">\n\t\t\t\t\t\t<span class=\"elementor-button-text\">Notre histoire<\/span>\n\t\t<\/span>\n\t\t\t\t\t<\/a>\n\t\t<\/div>\n\t\t\t\t<\/div>\n\t\t\t\t<\/div>\n\t\t\t\t\t<\/div>\n\t\t<\/div>\n\t\t\t\t\t\t\t<\/div>\n\t\t<\/section>\n\t\t\t\t\t<\/div>\n\t\t<\/div>\n\t\t\t\t\t\t\t<\/div>\n\t\t<\/section>\n\t\t\t\t\t\t\t<\/div>\n\t\t","protected":false},"excerpt":{"rendered":"","protected":false},"author":1,"featured_media":0,"parent":0,"menu_order":0,"comment_status":"closed","ping_status":"closed","template":"","meta":{"footnotes":""},"class_list":["post-13","page","type-page","status-publish","hentry"],"blocksy_meta":{"styles_descriptor":{"styles":{"desktop":"","tablet":"","mobile":""},"google_fonts":[],"version":5}},"_links":{"self":[{"href":"https:\/\/exceptys.com\/index.php\/wp-json\/wp\/v2\/pages\/13","targetHints":{"allow":["GET"]}}],"collection":[{"href":"https:\/\/exceptys.com\/index.php\/wp-json\/wp\/v2\/pages"}],"about":[{"href":"https:\/\/exceptys.com\/index.php\/wp-json\/wp\/v2\/types\/page"}],"author":[{"embeddable":true,"href":"https:\/\/exceptys.com\/index.php\/wp-json\/wp\/v2\/users\/1"}],"replies":[{"embeddable":true,"href":"https:\/\/exceptys.com\/index.php\/wp-json\/wp\/v2\/comments?post=13"}],"version-history":[{"count":30,"href":"https:\/\/exceptys.com\/index.php\/wp-json\/wp\/v2\/pages\/13\/revisions"}],"predecessor-version":[{"id":596,"href":"https:\/\/exceptys.com\/index.php\/wp-json\/wp\/v2\/pages\/13\/revisions\/596"}],"wp:attachment":[{"href":"https:\/\/exceptys.com\/index.php\/wp-json\/wp\/v2\/media?parent=13"}],"curies":[{"name":"wp","href":"https:\/\/api.w.org\/{rel}","templated":true}]}}